{"id":2,"date":"2014-06-21T19:13:58","date_gmt":"2014-06-21T22:13:58","guid":{"rendered":"http:\/\/duplaimagem.com.br\/?page_id=2"},"modified":"2026-03-09T18:57:17","modified_gmt":"2026-03-09T21:57:17","slug":"pagina-exemplo","status":"publish","type":"page","link":"http:\/\/duplaimagem.com.br\/","title":{"rendered":"Home"},"content":{"rendered":"\n<figure class=\"wp-block-image\"><a href=\"http:\/\/duplaimagem.com.br\/wp-content\/uploads\/2014\/06\/PAINEL-DUPLA-IMAGEM.jpg\"><img loading=\"lazy\" decoding=\"async\" width=\"300\" height=\"138\" src=\"http:\/\/duplaimagem.com.br\/wp-content\/uploads\/2014\/06\/PAINEL-DUPLA-IMAGEM-300x138.jpg\" alt=\"PAINEL DUPLA IMAGEM\" class=\"wp-image-156\" style=\"aspect-ratio:2.1739347619761227;object-fit:cover\" srcset=\"http:\/\/duplaimagem.com.br\/wp-content\/uploads\/2014\/06\/PAINEL-DUPLA-IMAGEM-300x138.jpg 300w, http:\/\/duplaimagem.com.br\/wp-content\/uploads\/2014\/06\/PAINEL-DUPLA-IMAGEM.jpg 800w\" sizes=\"auto, (max-width: 300px) 100vw, 300px\" \/><\/a><\/figure>\n\n\n\n<p>VIS\u00c3O<br>Ser reconhecida pelo mercado como uma empresa que n\u00e3o visa s\u00f3 lucros, mas resultados aos nossos clientes, assessorando-os na \u00e1rea de comunica\u00e7\u00e3o visual, superando padr\u00f5es tradicionais de atendimento, inova\u00e7\u00e3o, qualidade dos produtos, servi\u00e7os e efici\u00eancia operacional.<\/p>\n\n\n\n<p>MISS\u00c3O<br>Oferecer solu\u00e7\u00f5es diferenciadas e inovadoras em comunica\u00e7\u00e3o visual, com rapidez e qualidade, que auxiliem nossos clientes a melhorar a divulga\u00e7\u00e3o e imagem de seus neg\u00f3cios.<\/p>\n\n\n\n<p>VALORES<br>Comprometimento: Com nossos valores, com nossas responsabilidades, com nossa reputa\u00e7\u00e3o e sobretudo com nossos clientes, fornecedores e colaboradores.<\/p>\n\n\n\n<p>Respeito: \u00c0 diversidade de ideias \u00e0s pessoas e aos compromissos assumidos.<br>Inova\u00e7\u00e3o: Iniciativa de mudar, aceitar a possibilidade de erros, liberdade para criar e se renovar a cada oportunidade.<br>\u00c9tica: Ter uma postura id\u00f4nea, confi\u00e1vel e transparente em nossas a\u00e7\u00f5es com nossos clientes.<\/p>\n\n\n\n<p><\/p>\n","protected":false},"excerpt":{"rendered":"<p>VIS\u00c3OSer reconhecida pelo mercado como uma empresa que n\u00e3o visa s\u00f3 lucros, mas resultados aos nossos clientes, assessorando-os na \u00e1rea de comunica\u00e7\u00e3o visual, superando padr\u00f5es tradicionais de atendimento, inova\u00e7\u00e3o, qualidade dos produtos, servi\u00e7os e efici\u00eancia operacional. MISS\u00c3OOferecer solu\u00e7\u00f5es diferenciadas e inovadoras em comunica\u00e7\u00e3o visual, com rapidez e qualidade, que auxiliem nossos clientes a melhorar a [&hellip;]<\/p>\n","protected":false},"author":1,"featured_media":0,"parent":0,"menu_order":0,"comment_status":"closed","ping_status":"closed","template":"","meta":{"footnotes":""},"class_list":["post-2","page","type-page","status-publish","hentry"],"_links":{"self":[{"href":"http:\/\/duplaimagem.com.br\/index.php?rest_route=\/wp\/v2\/pages\/2","targetHints":{"allow":["GET"]}}],"collection":[{"href":"http:\/\/duplaimagem.com.br\/index.php?rest_route=\/wp\/v2\/pages"}],"about":[{"href":"http:\/\/duplaimagem.com.br\/index.php?rest_route=\/wp\/v2\/types\/page"}],"author":[{"embeddable":true,"href":"http:\/\/duplaimagem.com.br\/index.php?rest_route=\/wp\/v2\/users\/1"}],"replies":[{"embeddable":true,"href":"http:\/\/duplaimagem.com.br\/index.php?rest_route=%2Fwp%2Fv2%2Fcomments&post=2"}],"version-history":[{"count":14,"href":"http:\/\/duplaimagem.com.br\/index.php?rest_route=\/wp\/v2\/pages\/2\/revisions"}],"predecessor-version":[{"id":168,"href":"http:\/\/duplaimagem.com.br\/index.php?rest_route=\/wp\/v2\/pages\/2\/revisions\/168"}],"wp:attachment":[{"href":"http:\/\/duplaimagem.com.br\/index.php?rest_route=%2Fwp%2Fv2%2Fmedia&parent=2"}],"curies":[{"name":"wp","href":"https:\/\/api.w.org\/{rel}","templated":true}]}}